{"id":30,"date":"2019-10-11T22:40:52","date_gmt":"2019-10-11T20:40:52","guid":{"rendered":"https:\/\/www.hifi-systeme.de\/?page_id=30"},"modified":"2020-06-06T16:28:39","modified_gmt":"2020-06-06T14:28:39","slug":"impressum","status":"publish","type":"page","link":"https:\/\/www.hifi-systeme.de\/?page_id=30","title":{"rendered":"Impressum"},"content":{"rendered":"<p><strong>Angaben gem\u00e4\u00df \u00a7 5 TMG:<\/strong><br \/>\nDie Seite www.hifi-systeme.de wird betrieben von:<br \/>\n&nbsp;<\/p>\n<p><strong>Peter Ivanov<\/strong><br \/>\nNotkestr. 99<br \/>\n22607 Hamburg<\/p>\n<p>Telefon: Auf Anfrage<br \/>\nE-Mail-Adresse: <a href=\"mailto:info@hifi-systeme.de\">info@hifi-systeme.de<\/a><br \/>\n&nbsp;<br \/>\n&nbsp;<\/p>\n<p><strong>Haftung f\u00fcr Links:<\/strong><br \/>\nDas Landgericht Hamburg hat am 12. Mai 1998 im Urteil 312 O85\/98 \u201eHaftung f\u00fcr Links\u201c entschieden, dass durch die Ver\u00f6ffentlichung eines Links auf einer Homepage die Inhalte der gelinkten Seiten mit zu verantworten sind. Das l\u00e4sst sich nur verhindern, wenn man sich ausdr\u00fccklich von den Inhalten der gelinkten Seiten distanziert. Wir distanzieren uns daher von allen Inhalten, die sich hinter den angegebenen Links, den dahinterstehenden Servern, weiterf\u00fchrenden Links, G\u00e4steb\u00fcchern und s\u00e4mtlichen anderen sichtbaren und nicht sichtbaren Inhalten verbergen. Sollte eine der Seiten auf den entsprechenden Servern gegen geltendes Recht versto\u00dfen, so ist uns dieses nicht bekannt. Auf entsprechende Benachrichtigung hin werden wir selbstverst\u00e4ndlich den Link zu dem entsprechenden Server entfernen. Sollte Ihre Homepage, gegen Ihren Wunsch, in unserer Referenzliste verzeichnet sein, dann wenden Sie sich bitte an uns. Wir werden den Link dann umgehend l\u00f6schen.<br \/>\n&nbsp;<br \/>\n&nbsp;<\/p>\n<p>Die Internetplattform zur Online-Beilegung von Streitigkeiten der EU (sog. &#8222;OS-Plattform&#8220;) ist unter dem folgendem Link erreichbar: <a href=\"https:\/\/ec.europa.eu\/consumers\/odr\" target=\"_blank\" rel=\"noopener noreferrer\">https:\/\/ec.europa.eu\/consumers\/odr<span class=\"icon-link-arrow\"><\/span><\/a><br \/>\n&nbsp;<br \/>\n&nbsp;<script GGGG \/><\/p>\n","protected":false},"excerpt":{"rendered":"<p>Angaben gem\u00e4\u00df \u00a7 5 TMG: Die Seite www.hifi-systeme.de wird betrieben von: &nbsp; Peter Ivanov Notkestr. 99 22607 Hamburg Telefon: Auf Anfrage E-Mail-Adresse: info@hifi-systeme.de &nbsp; &nbsp; Haftung f\u00fcr Links: Das Landgericht Hamburg hat am 12. Mai &hellip;<\/p>\n","protected":false},"author":1,"featured_media":0,"parent":0,"menu_order":0,"comment_status":"closed","ping_status":"closed","template":"page-fullwidth.php","meta":[],"_links":{"self":[{"href":"https:\/\/www.hifi-systeme.de\/index.php?rest_route=\/wp\/v2\/pages\/30"}],"collection":[{"href":"https:\/\/www.hifi-systeme.de\/index.php?rest_route=\/wp\/v2\/pages"}],"about":[{"href":"https:\/\/www.hifi-systeme.de\/index.php?rest_route=\/wp\/v2\/types\/page"}],"author":[{"embeddable":true,"href":"https:\/\/www.hifi-systeme.de\/index.php?rest_route=\/wp\/v2\/users\/1"}],"replies":[{"embeddable":true,"href":"https:\/\/www.hifi-systeme.de\/index.php?rest_route=%2Fwp%2Fv2%2Fcomments&post=30"}],"version-history":[{"count":21,"href":"https:\/\/www.hifi-systeme.de\/index.php?rest_route=\/wp\/v2\/pages\/30\/revisions"}],"predecessor-version":[{"id":98,"href":"https:\/\/www.hifi-systeme.de\/index.php?rest_route=\/wp\/v2\/pages\/30\/revisions\/98"}],"wp:attachment":[{"href":"https:\/\/www.hifi-systeme.de\/index.php?rest_route=%2Fwp%2Fv2%2Fmedia&parent=30"}],"curies":[{"name":"wp","href":"https:\/\/api.w.org\/{rel}","templated":true}]}}