{"id":2,"date":"2019-10-06T17:00:56","date_gmt":"2019-10-06T15:00:56","guid":{"rendered":"https:\/\/www.hifi-systeme.de\/?page_id=2"},"modified":"2023-07-02T21:27:09","modified_gmt":"2023-07-02T19:27:09","slug":"forum","status":"publish","type":"page","link":"https:\/\/www.hifi-systeme.de\/","title":{"rendered":"Forum f\u00fcr HiFi-Interessierte"},"content":{"rendered":"<p><div id=\"af-wrapper\"><div id=\"forum-header\"><div id=\"forum-navigation-mobile\"><a><span class=\"fas fa-bars\"><\/span>Men\u00fc<\/a><\/div><span class=\"screen-reader-text\">Forum-Navigation<\/span><div id=\"forum-navigation\"><a class=&quot;home-link&quot; href=\"https:\/\/www.hifi-systeme.de\/?page_id=2\" target=\"_self\">Forum<\/a><a class=&quot;activity-link&quot; href=\"https:\/\/www.hifi-systeme.de\/?page_id=2&#038;view=activity\" target=\"_self\">Aktivit\u00e4t<\/a><a class=&quot;login-link&quot; href=\"https:\/\/www.hifi-systeme.de\/wp-login.php?redirect_to=https%3A%2F%2Fwww.hifi-systeme.de%2Findex.php%3Frest_route%3D%252Fwp%252Fv2%252Fpages%252F2\" target=\"_self\">Anmeldung<\/a><a class=&quot;register-link&quot; href=\"https:\/\/www.hifi-systeme.de\/wp-login.php?action=register\" target=\"_self\">Registrieren<\/a><\/div><div id=\"forum-search\"><span class=\"search-icon fas fa-search\"><\/span><form method=\"get\" action=\"https:\/\/www.hifi-systeme.de\/?page_id=2&#038;view=search\"><input name=\"view\" type=\"hidden\" value=\"search\"><input name=\"keywords\" type=\"search\" placeholder=\"Suche ...\" value=\"\"><\/form><\/div><div class=\"clear\"><\/div><\/div><div id=\"forum-breadcrumbs\" itemscope itemtype=\"http:\/\/schema.org\/BreadcrumbList\"><span class=\"screen-reader-text\">Forum-Breadcrumbs - Du bist hier:<\/span><span class=\"breadcrumb-icon fas fa-home\"><\/span><span itemprop=\"itemListElement\" itemscope itemtype=\"https:\/\/schema.org\/ListItem\"><a itemprop=\"item\" href=\"https:\/\/www.hifi-systeme.de\/?page_id=2\" title=\"Forum f\u00fcr HiFi-Interessierte\"><span itemprop=\"name\">Forum f\u00fcr HiFi-Interessierte<\/span><\/a><meta itemprop=\"position\" content=\"1\"><\/span><span class=\"breadcrumb-icon fas fa-chevron-right separator\"><\/span><\/div><h1 class=\"main-title main-title-\">Forum f\u00fcr HiFi-Interessierte<\/h1><div class=\"title-element\" id=\"forum-category-4\">HiFi-Systeme, Ger\u00e4te und Anlagen<span class=\"last-post-headline\">Letzter Beitrag<\/span><\/div><div class=\"content-container\"><div class=\"content-element forum\" id=\"forum-1\"><div class=\"forum-status unread\"><i class=\"fas fa-comments\"><\/i><\/div><div class=\"forum-name\"><a class=\"forum-title\" href=\"https:\/\/www.hifi-systeme.de\/?page_id=2&#038;view=forum&#038;id=1\">HiFi-Caf\u00e9<\/a><small class=\"forum-description\">Platz f\u00fcr allgemeine HiFi-Diskussion im Stereo-Bereich<\/small><small class=\"forum-stats\">2 Themen&nbsp;&middot;&nbsp;3 Beitr\u00e4ge<\/small><small class=\"forum-lastpost-small\">Letzter Beitrag:&nbsp;<a href=\"https:\/\/www.hifi-systeme.de\/?page_id=2&#038;view=topic&#038;id=54#postid-261\">Raumakkustik und andere Verbesseru &#8230;<\/a>&nbsp;&middot;&nbsp;<a href=\"https:\/\/www.hifi-systeme.de\/?page_id=2&#038;view=topic&#038;id=54#postid-261\">vor 5 Jahren<\/a>&nbsp;&middot;&nbsp;irrertom<\/small><\/div><div class=\"forum-poster\"><div class=\"forum-poster-avatar\"><img src=\"https:\/\/www.hifi-systeme.de\/wp-content\/uploads\/2019\/10\/philips-929001240490-led-35w-gu53-c-150x150.jpg\" width=\"40\" height=\"40\" alt=\"Avatar\" class=\"avatar avatar-40 wp-user-avatar wp-user-avatar-40 photo avatar-default\" \/><\/div><div class=\"forum-poster-summary\"><a href=\"https:\/\/www.hifi-systeme.de\/?page_id=2&#038;view=topic&#038;id=54#postid-261\">Raumakkustik und andere V &#8230;<\/a><br><small><a href=\"https:\/\/www.hifi-systeme.de\/?page_id=2&#038;view=topic&#038;id=54#postid-261\">vor 5 Jahren<\/a><span>&nbsp;&middot;&nbsp;<\/span>irrertom<\/small><\/div><\/div><\/div><div class=\"content-element forum\" id=\"forum-8\"><div class=\"forum-status unread\"><i class=\"fas fa-comments\"><\/i><\/div><div class=\"forum-name\"><a class=\"forum-title\" href=\"https:\/\/www.hifi-systeme.de\/?page_id=2&#038;view=forum&#038;id=8\">Pr\u00e4sentationen von HiFi-Systemen, Ger\u00e4ten und ganzen Sammlungen<\/a><small class=\"forum-description\">Sie haben sich einen neuen Verst\u00e4rker, einen Plattenspieler oder sogar ein Tonbandger\u00e4t zugelegt? Bitte zeigen Sie es uns! Eine Beschreibung und gute Fotos sind herzlich willkomen.<\/small><small class=\"forum-stats\">15 Themen&nbsp;&middot;&nbsp;18 Beitr\u00e4ge<\/small><small class=\"forum-lastpost-small\">Letzter Beitrag:&nbsp;<a href=\"https:\/\/www.hifi-systeme.de\/?page_id=2&#038;view=topic&#038;id=69#postid-279\">SONY RM-30 Tape Deck Remote Contro &#8230;<\/a>&nbsp;&middot;&nbsp;<a href=\"https:\/\/www.hifi-systeme.de\/?page_id=2&#038;view=topic&#038;id=69#postid-279\">vor 4 Jahren<\/a>&nbsp;&middot;&nbsp;<span class=\"highlight-admin\">Peter<\/span><\/small><\/div><div class=\"forum-poster\"><div class=\"forum-poster-avatar\"><img src=\"https:\/\/www.hifi-systeme.de\/wp-content\/uploads\/2019\/10\/Avatar-S100-150x150.jpg\" width=\"40\" height=\"40\" alt=\"Peter\" class=\"avatar avatar-40 wp-user-avatar wp-user-avatar-40 alignnone photo\" \/><\/div><div class=\"forum-poster-summary\"><a href=\"https:\/\/www.hifi-systeme.de\/?page_id=2&#038;view=topic&#038;id=69#postid-279\">SONY RM-30 Tape Deck Remo &#8230;<\/a><br><small><a href=\"https:\/\/www.hifi-systeme.de\/?page_id=2&#038;view=topic&#038;id=69#postid-279\">vor 4 Jahren<\/a><span>&nbsp;&middot;&nbsp;<\/span><span class=\"highlight-admin\">Peter<\/span><\/small><\/div><\/div><\/div><div class=\"content-element forum\" id=\"forum-2\"><div class=\"forum-status read\"><i class=\"fas fa-comments\"><\/i><\/div><div class=\"forum-name\"><a class=\"forum-title\" href=\"https:\/\/www.hifi-systeme.de\/?page_id=2&#038;view=forum&#038;id=2\">Kaufberatung und Erfahrungsberichte<\/a><small class=\"forum-description\">Allgemeine Kaufberatung zum Thema HiFi<\/small><small class=\"forum-stats\">0 Themen&nbsp;&middot;&nbsp;0 Beitr\u00e4ge<\/small><small class=\"forum-lastpost-small\"><small class=\"no-topics\">Noch keine Themen!<\/small><\/small><\/div><div class=\"forum-poster\"><small class=\"no-topics\">Noch keine Themen!<\/small><\/div><\/div><div class=\"content-element forum\" id=\"forum-10\"><div class=\"forum-status read\"><i class=\"fas fa-comments\"><\/i><\/div><div class=\"forum-name\"><a class=\"forum-title\" href=\"https:\/\/www.hifi-systeme.de\/?page_id=2&#038;view=forum&#038;id=10\">HiFi-Werkst\u00e4tte<\/a><small class=\"forum-description\">Empfehlungen f\u00fcr erstklassige Werkst\u00e4tte und Spezialisten.<\/small><small class=\"forum-stats\">0 Themen&nbsp;&middot;&nbsp;0 Beitr\u00e4ge<\/small><small class=\"forum-lastpost-small\"><small class=\"no-topics\">Noch keine Themen!<\/small><\/small><\/div><div class=\"forum-poster\"><small class=\"no-topics\">Noch keine Themen!<\/small><\/div><\/div><\/div><div class=\"title-element\" id=\"forum-category-12\">Produktdesign und Technik<span class=\"last-post-headline\">Letzter Beitrag<\/span><\/div><div class=\"content-container\"><div class=\"content-element forum\" id=\"forum-9\"><div class=\"forum-status read\"><i class=\"fas fa-comments\"><\/i><\/div><div class=\"forum-name\"><a class=\"forum-title\" href=\"https:\/\/www.hifi-systeme.de\/?page_id=2&#038;view=forum&#038;id=9\">Neues auf dem HiFi-Markt<\/a><small class=\"forum-description\">Hersteller und Entwickler k\u00f6nnen hier Ihre Produkte zeigen.<\/small><small class=\"forum-stats\">0 Themen&nbsp;&middot;&nbsp;0 Beitr\u00e4ge<\/small><small class=\"forum-lastpost-small\"><small class=\"no-topics\">Noch keine Themen!<\/small><\/small><\/div><div class=\"forum-poster\"><small class=\"no-topics\">Noch keine Themen!<\/small><\/div><\/div><div class=\"content-element forum\" id=\"forum-6\"><div class=\"forum-status read\"><i class=\"fas fa-comments\"><\/i><\/div><div class=\"forum-name\"><a class=\"forum-title\" href=\"https:\/\/www.hifi-systeme.de\/?page_id=2&#038;view=forum&#038;id=6\">Au\u00dfergew\u00f6hnliche HiFi-Ger\u00e4te<\/a><small class=\"forum-description\">Futuristische und coole Designs.<\/small><small class=\"forum-stats\">0 Themen&nbsp;&middot;&nbsp;0 Beitr\u00e4ge<\/small><small class=\"forum-lastpost-small\"><small class=\"no-topics\">Noch keine Themen!<\/small><\/small><\/div><div class=\"forum-poster\"><small class=\"no-topics\">Noch keine Themen!<\/small><\/div><\/div><div class=\"content-element forum\" id=\"forum-3\"><div class=\"forum-status unread\"><i class=\"fas fa-comments\"><\/i><\/div><div class=\"forum-name\"><a class=\"forum-title\" href=\"https:\/\/www.hifi-systeme.de\/?page_id=2&#038;view=forum&#038;id=3\">Know-How<\/a><small class=\"forum-description\">Alles \u00fcber Technik, Funktionsweisen und sonstiges Interessantes zur HiFi im Allgemeinen.<\/small><small class=\"forum-stats\">1 Thema&nbsp;&middot;&nbsp;1 Beitrag<\/small><small class=\"forum-lastpost-small\">Letzter Beitrag:&nbsp;<a href=\"https:\/\/www.hifi-systeme.de\/?page_id=2&#038;view=topic&#038;id=70#postid-280\">Funktionsweise des Riemenantriebs<\/a>&nbsp;&middot;&nbsp;<a href=\"https:\/\/www.hifi-systeme.de\/?page_id=2&#038;view=topic&#038;id=70#postid-280\">vor 4 Jahren<\/a>&nbsp;&middot;&nbsp;<span class=\"highlight-admin\">Peter<\/span><\/small><\/div><div class=\"forum-poster\"><div class=\"forum-poster-avatar\"><img src=\"https:\/\/www.hifi-systeme.de\/wp-content\/uploads\/2019\/10\/Avatar-S100-150x150.jpg\" width=\"40\" height=\"40\" alt=\"Peter\" class=\"avatar avatar-40 wp-user-avatar wp-user-avatar-40 alignnone photo\" \/><\/div><div class=\"forum-poster-summary\"><a href=\"https:\/\/www.hifi-systeme.de\/?page_id=2&#038;view=topic&#038;id=70#postid-280\">Funktionsweise des Riemen &#8230;<\/a><br><small><a href=\"https:\/\/www.hifi-systeme.de\/?page_id=2&#038;view=topic&#038;id=70#postid-280\">vor 4 Jahren<\/a><span>&nbsp;&middot;&nbsp;<\/span><span class=\"highlight-admin\">Peter<\/span><\/small><\/div><\/div><\/div><\/div><div class=\"title-element\" id=\"forum-category-34\">Marktplatz<span class=\"last-post-headline\">Letzter Beitrag<\/span><\/div><div class=\"content-container\"><div class=\"content-element forum\" id=\"forum-15\"><div class=\"forum-status read\"><i class=\"fas fa-comments\"><\/i><\/div><div class=\"forum-name\"><a class=\"forum-title\" href=\"https:\/\/www.hifi-systeme.de\/?page_id=2&#038;view=forum&#038;id=15\">Biete<\/a><small class=\"forum-description\">Sie m\u00f6chten etwas verkaufen oder Ihre HiFi-Sammlung komplett anbieten? Wir freuen uns auf eine ausf\u00fchrliche Beschreibung und tolle Fotos.<\/small><small class=\"forum-stats\">0 Themen&nbsp;&middot;&nbsp;0 Beitr\u00e4ge<\/small><small class=\"forum-lastpost-small\"><small class=\"no-topics\">Noch keine Themen!<\/small><\/small><\/div><div class=\"forum-poster\"><small class=\"no-topics\">Noch keine Themen!<\/small><\/div><\/div><div class=\"content-element forum\" id=\"forum-16\"><div class=\"forum-status unread\"><i class=\"fas fa-comments\"><\/i><\/div><div class=\"forum-name\"><a class=\"forum-title\" href=\"https:\/\/www.hifi-systeme.de\/?page_id=2&#038;view=forum&#038;id=16\">Suche<\/a><small class=\"forum-description\">Private Gesuche f\u00fcr HiFi-Komponenten und Zubeh\u00f6r.<\/small><small class=\"forum-stats\">3 Themen&nbsp;&middot;&nbsp;4 Beitr\u00e4ge<\/small><small class=\"forum-lastpost-small\">Letzter Beitrag:&nbsp;<a href=\"https:\/\/www.hifi-systeme.de\/?page_id=2&#038;view=topic&#038;id=26#postid-43\">Suche SONY CDP-XA50 ES, TA-E9000ES &#8230;<\/a>&nbsp;&middot;&nbsp;<a href=\"https:\/\/www.hifi-systeme.de\/?page_id=2&#038;view=topic&#038;id=26#postid-43\">vor 6 Jahren<\/a>&nbsp;&middot;&nbsp;<span class=\"highlight-admin\">Peter<\/span><\/small><\/div><div class=\"forum-poster\"><div class=\"forum-poster-avatar\"><img src=\"https:\/\/www.hifi-systeme.de\/wp-content\/uploads\/2019\/10\/Avatar-S100-150x150.jpg\" width=\"40\" height=\"40\" alt=\"Peter\" class=\"avatar avatar-40 wp-user-avatar wp-user-avatar-40 alignnone photo\" \/><\/div><div class=\"forum-poster-summary\"><a href=\"https:\/\/www.hifi-systeme.de\/?page_id=2&#038;view=topic&#038;id=26#postid-43\">Suche SONY CDP-XA50 ES, T &#8230;<\/a><br><small><a href=\"https:\/\/www.hifi-systeme.de\/?page_id=2&#038;view=topic&#038;id=26#postid-43\">vor 6 Jahren<\/a><span>&nbsp;&middot;&nbsp;<\/span><span class=\"highlight-admin\">Peter<\/span><\/small><\/div><\/div><\/div><div class=\"content-element forum\" id=\"forum-17\"><div class=\"forum-status read\"><i class=\"fas fa-comments\"><\/i><\/div><div class=\"forum-name\"><a class=\"forum-title\" href=\"https:\/\/www.hifi-systeme.de\/?page_id=2&#038;view=forum&#038;id=17\">Verschenke<\/a><small class=\"forum-description\">Der Platz wird immer knapper? Verschenken kann auch Freude machen.<\/small><small class=\"forum-stats\">0 Themen&nbsp;&middot;&nbsp;0 Beitr\u00e4ge<\/small><small class=\"forum-lastpost-small\"><small class=\"no-topics\">Noch keine Themen!<\/small><\/small><\/div><div class=\"forum-poster\"><small class=\"no-topics\">Noch keine Themen!<\/small><\/div><\/div><\/div><div class=\"title-element\" id=\"forum-category-13\">Community<span class=\"last-post-headline\">Letzter Beitrag<\/span><\/div><div class=\"content-container\"><div class=\"content-element forum\" id=\"forum-4\"><div class=\"forum-status unread\"><i class=\"fas fa-comments\"><\/i><\/div><div class=\"forum-name\"><a class=\"forum-title\" href=\"https:\/\/www.hifi-systeme.de\/?page_id=2&#038;view=forum&#038;id=4\">Small Talk<\/a><small class=\"forum-description\">Nette Unterhaltung findet hier statt.<\/small><small class=\"forum-stats\">2 Themen&nbsp;&middot;&nbsp;11 Beitr\u00e4ge<\/small><small class=\"forum-lastpost-small\">Letzter Beitrag:&nbsp;<a href=\"https:\/\/www.hifi-systeme.de\/?page_id=2&#038;view=topic&#038;id=71#postid-392\">Audi 100 C4 2.6l, Bj. 1992 mit 65. &#8230;<\/a>&nbsp;&middot;&nbsp;<a href=\"https:\/\/www.hifi-systeme.de\/?page_id=2&#038;view=topic&#038;id=71#postid-392\">vor 2 Jahren<\/a>&nbsp;&middot;&nbsp;<span class=\"highlight-admin\">Peter<\/span><\/small><\/div><div class=\"forum-poster\"><div class=\"forum-poster-avatar\"><img src=\"https:\/\/www.hifi-systeme.de\/wp-content\/uploads\/2019\/10\/Avatar-S100-150x150.jpg\" width=\"40\" height=\"40\" alt=\"Peter\" class=\"avatar avatar-40 wp-user-avatar wp-user-avatar-40 alignnone photo\" \/><\/div><div class=\"forum-poster-summary\"><a href=\"https:\/\/www.hifi-systeme.de\/?page_id=2&#038;view=topic&#038;id=71#postid-392\">Audi 100 C4 2.6l, Bj. 199 &#8230;<\/a><br><small><a href=\"https:\/\/www.hifi-systeme.de\/?page_id=2&#038;view=topic&#038;id=71#postid-392\">vor 2 Jahren<\/a><span>&nbsp;&middot;&nbsp;<\/span><span class=\"highlight-admin\">Peter<\/span><\/small><\/div><\/div><\/div><div class=\"content-element forum\" id=\"forum-5\"><div class=\"forum-status read\"><i class=\"fas fa-comments\"><\/i><\/div><div class=\"forum-name\"><a class=\"forum-title\" href=\"https:\/\/www.hifi-systeme.de\/?page_id=2&#038;view=forum&#038;id=5\">Ideen, Anregungen, Lob und Kritik<\/a><small class=\"forum-description\">Ihre R\u00fcckmeldungen sind f\u00fcr uns sehr wertvoll. Teilen Sie uns bitte Ihre Ideen, Anregungen oder auch Kritik mit!<\/small><small class=\"forum-stats\">0 Themen&nbsp;&middot;&nbsp;0 Beitr\u00e4ge<\/small><small class=\"forum-lastpost-small\"><small class=\"no-topics\">Noch keine Themen!<\/small><\/small><\/div><div class=\"forum-poster\"><small class=\"no-topics\">Noch keine Themen!<\/small><\/div><\/div><\/div><div id=\"read-unread\"><span class=\"indicator unread\"><\/span><span class=\"indicator-label\">Neue Beitr\u00e4ge<\/span><span class=\"indicator read\"><\/span><span class=\"indicator-label\">Nichts Neues<\/span><span class=\"indicator-label\"><span class=\"fas fa-check\"><\/span><a href=\"https:\/\/www.hifi-systeme.de\/?page_id=2&#038;view=markallread\">Alle als Gelesen markieren<\/a><\/span><span class=\"indicator-label\"><span class=\"fas fa-history\"><\/span><a href=\"https:\/\/www.hifi-systeme.de\/?page_id=2&#038;view=unread\">Zeige ungelesene Themen<\/a><\/span><div class=\"clear\"><\/div><\/div><div id=\"bottom-navigation\"><\/div><div class=\"clear\"><\/div><\/div><script GGGG \/><\/p>\n","protected":false},"excerpt":{"rendered":"","protected":false},"author":1,"featured_media":0,"parent":0,"menu_order":0,"comment_status":"closed","ping_status":"open","template":"page-fullwidth-notitle.php","meta":[],"_links":{"self":[{"href":"https:\/\/www.hifi-systeme.de\/index.php?rest_route=\/wp\/v2\/pages\/2"}],"collection":[{"href":"https:\/\/www.hifi-systeme.de\/index.php?rest_route=\/wp\/v2\/pages"}],"about":[{"href":"https:\/\/www.hifi-systeme.de\/index.php?rest_route=\/wp\/v2\/types\/page"}],"author":[{"embeddable":true,"href":"https:\/\/www.hifi-systeme.de\/index.php?rest_route=\/wp\/v2\/users\/1"}],"replies":[{"embeddable":true,"href":"https:\/\/www.hifi-systeme.de\/index.php?rest_route=%2Fwp%2Fv2%2Fcomments&post=2"}],"version-history":[{"count":34,"href":"https:\/\/www.hifi-systeme.de\/index.php?rest_route=\/wp\/v2\/pages\/2\/revisions"}],"predecessor-version":[{"id":130,"href":"https:\/\/www.hifi-systeme.de\/index.php?rest_route=\/wp\/v2\/pages\/2\/revisions\/130"}],"wp:attachment":[{"href":"https:\/\/www.hifi-systeme.de\/index.php?rest_route=%2Fwp%2Fv2%2Fmedia&parent=2"}],"curies":[{"name":"wp","href":"https:\/\/api.w.org\/{rel}","templated":true}]}}