{"id":10,"date":"2019-10-06T17:16:06","date_gmt":"2019-10-06T15:16:06","guid":{"rendered":"https:\/\/www.hifi-systeme.de\/?page_id=10"},"modified":"2019-12-27T23:08:08","modified_gmt":"2019-12-27T22:08:08","slug":"forenregeln","status":"publish","type":"page","link":"https:\/\/www.hifi-systeme.de\/?page_id=10","title":{"rendered":"Forenregeln"},"content":{"rendered":"<p><strong>\u00a7 1. Geltungsbereich<\/strong><\/p>\n<p>F\u00fcr die Nutzung des Forums \u201eHifi-Systeme.de\u201c von Peter Ivanov (nachfolgend &#8222;Anbieter&#8220; genannt) gelten nachfolgende Bedingungen. Die Nutzung des Forums ist nur zul\u00e4ssig, wenn Sie als Nutzer diese Nutzungsbedingungen akzeptieren.<\/p>\n<p><strong>\u00a7 2. Registrierung, Vertragsschluss und -gegenstand<\/strong><\/p>\n<ol>\n<li>Voraussetzung f\u00fcr die Nutzung des Forums ist die Registrierung \u00fcber das entsprechende Online-Formular. Nach der Registrierung \u00fcber das Online-Formular im Forum bekommen Sie eine Best\u00e4tigungsemail zur Verifizierung Ihrer Daten zugeschickt, mit der Sie Ihre Registrierung per Mausklick best\u00e4tigen k\u00f6nnen. Mit der Aktivierung Ihres Accounts durch den Anbieter, kommt der unentgeltliche Foren-Nutzungsvertrag zustande (Vertragsschluss).<\/li>\n<li>Vertragsgegenstand ist die kostenlose Nutzung der Funktionen des Forums als Online-Kommunikationsplattform. Hierzu wird Ihnen als Nutzer ein \u201eAccount\u201c bereitgestellt, mit dem Sie Beitr\u00e4ge und Themen im Forum einstellen k\u00f6nnen.<\/li>\n<li>Es gibt grunds\u00e4tzlich keinen Rechtsanspruch auf Freischaltung oder Teilnahme am Forum. Es gilt das uneingeschr\u00e4nkte Hausrecht des Betreibers.<\/li>\n<li>Ihr Foren-Account darf nur von Ihnen selbst genutzt werden. Ebenso sind Sie als Inhaber des Accounts f\u00fcr den Schutz vor dessen Missbrauch verantwortlich. Ihre Zugangsdaten sind daher vor dem Zugriff Dritter zu sch\u00fctzen. Die Verwendung von markenrechtlich gesch\u00fctzten Worten und Internetadressen als Benutzername (Nickname) sind nicht erlaubt.<\/li>\n<li>Der Anbieter wird sich bem\u00fchen, den Dienst m\u00f6glichst unterbrechungsfrei zum Abruf anzubieten. Auch bei aller Sorgfalt k\u00f6nnen Ausfallzeiten nicht ausgeschlossen werden, in denen die Webserver auf Grund von technischen oder sonstigen Problemen, die nicht im Einflussbereich vom Anbieter liegen (Verschulden Dritter, h\u00f6here Gewalt, Angriffe gegen die Infrastruktur durch Hacker etc.), \u00fcber das Internet nicht abrufbar ist. Der Nutzer erkennt an, dass eine 100%ige Verf\u00fcgbarkeit der Website technisch nicht zu realisieren ist.<\/li>\n<li>Der Anbieter beh\u00e4lt sich das Recht vor, Inhalt und Struktur der Plattform sowie die dazugeh\u00f6rigen Benutzeroberfl\u00e4chen zu \u00e4ndern und zu erweitern, wenn hierdurch die Zweckerf\u00fcllung des mit dem Nutzer geschlossenen Vertrags nicht oder nur unerheblich beeintr\u00e4chtigt wird. Der Anbieter wird die Nutzer entsprechend \u00fcber die \u00c4nderungen informieren.<\/li>\n<li>Sinn und Zweck des Forums ist ein an die \u00d6ffentlichkeit gerichteter &#8222;Markt der Meinungen&#8220;. Es soll daher unter den Nutzern ein friedlicher und respektvoller Umgang ohne beleidigende Anfeindungen gepflegt werden.<\/li>\n<\/ol>\n<p><strong>\u00a7 3. Pflichten als Foren-Nutzer<\/strong><\/p>\n<ol>\n<li>Als Nutzer verpflichten Sie sich, dass Sie keine Beitr\u00e4ge ver\u00f6ffentlichen werden, die gegen diese Regeln, die guten Sitten oder sonst gegen geltendes deutsches Recht versto\u00dfen. Es ist Ihnen insbesondere untersagt,<\/li>\n<\/ol>\n<ul>\n<li>beleidigende oder unwahre Inhalte zu ver\u00f6ffentlichen;<\/li>\n<li>Spam \u00fcber das System an andere Nutzer zu versenden;<\/li>\n<li>gesetzlich, insbesondere durch das Urheber- und Markenrecht, gesch\u00fctzte Inhalte ohne Berechtigung zu verwenden;<\/li>\n<li>wettbewerbswidrige Handlungen vorzunehmen;<\/li>\n<li>Ihr Thema mehrfach im Forum einzustellen (Verbot von Doppelpostings);<\/li>\n<li>Presseartikel Dritter ohne Zustimmung des Urhebers im Forum zu ver\u00f6ffentlichen;<\/li>\n<li>Werbung im Forum ohne ausdr\u00fcckliche schriftliche Genehmigung durch den Anbieter zu betreiben. Dies gilt auch f\u00fcr sog. Schleichwerbung wie insbesondere das Verlinken der eigenen Homepage mit oder ohne Beitext in der Signatur oder innerhalb von Beitr\u00e4gen. Homepage-URLs und Adress- bzw. Kontaktdaten d\u00fcrfen nur im Benutzer-Profil des Forums ver\u00f6ffentlicht werden.<\/li>\n<\/ul>\n<ol start=\"2\">\n<li>Als Nutzer verpflichten Sie sich, vor der Ver\u00f6ffentlichung Ihrer Beitr\u00e4ge und Themen diese daraufhin zu \u00fcberpr\u00fcfen, ob diese Angaben enthalten, die Sie nicht ver\u00f6ffentlichen m\u00f6chten. Ihre Beitr\u00e4ge und Themen k\u00f6nnen in Suchmaschinen erfasst und damit weltweit zugreifbar werden. Ein Anspruch auf L\u00f6schung oder Korrektur solcher Suchmaschineneintr\u00e4ge gegen\u00fcber dem Anbieter ist ausgeschlossen.<\/li>\n<li>Beim Versto\u00df, insbesondere gegen die zuvor genannten Regeln \u00a7 3 Abs. 1 und 2, kann der Anbieter unabh\u00e4ngig von einer K\u00fcndigung, auch die folgenden Sanktionen gegen den Nutzer verh\u00e4ngen:<\/li>\n<\/ol>\n<ul>\n<li>L\u00f6schung oder Ab\u00e4nderung von Inhalten, die der Nutzer eingestellt hat,<\/li>\n<li>Ausspruch einer Abmahnung oder<\/li>\n<li>Sperrung des Zugangs zum Forum.<\/li>\n<\/ul>\n<ol start=\"4\">\n<li>Sollten Dritte oder andere Nutzer den Anbieter wegen m\u00f6glicher Rechtsverst\u00f6\u00dfe in Anspruch nehmen, die a) aus den von Ihnen als Nutzer eingestellten Inhalten resultieren und\/oder b) aus der Nutzung der Dienste des Anbieters durch Sie als Nutzer entstehen, verpflichten Sie sich als Nutzer, den Anbieter von jeglichen Anspr\u00fcchen, einschlie\u00dflich Schadensersatzanspr\u00fcchen, freizustellen und dem Anbieter die Kosten zu ersetzen, die diesem wegen der m\u00f6glichen Rechtsverletzung entstehen. Der Anbieter wird insbesondere von den Kosten der notwendigen Rechtsverteidigung freigestellt. Der Anbieter ist berechtigt, hierf\u00fcr von Ihnen als Nutzer einen angemessenen Vorschuss zu fordern. Als Nutzer sind Sie verpflichtet, den Anbieter nach Treu und Glauben mit Informationen und Unterlagen bei der Rechtsverteidigung gegen\u00fcber Dritten zu unterst\u00fctzen. Alle weitergehenden Rechte sowie Schadensersatzanspr\u00fcche des Anbieters bleiben unber\u00fchrt. Wenn Sie als Nutzer die m\u00f6gliche Rechtsverletzung nicht zu vertreten haben, bestehen die zuvor genannten Pflichten nicht.<\/li>\n<\/ol>\n<p><strong>\u00a7 4. \u00dcbertragung von Nutzungsrechten<\/strong><\/p>\n<ol>\n<li>Das Urheberrecht f\u00fcr Ihre Themen und Beitr\u00e4ge, soweit diese urheberrechtsschutzf\u00e4hig sind, verbleibt grunds\u00e4tzlich bei Ihnen als Nutzer. Sie r\u00e4umen dem Anbieter jedoch mit Einstellung eines Themas oder Beitrags das Recht ein, das Thema oder den Beitrag dauerhaft auf seinen Webseiten vorzuhalten. Zudem hat der Anbieter das Recht, Ihre Themen und Beitr\u00e4ge zu l\u00f6schen, zu bearbeiten, zu verschieben oder zu schlie\u00dfen.<\/li>\n<li>Die zuvor genannten Nutzungsrechte bleiben auch im Falle einer K\u00fcndigung des Foren-Accounts bestehen.<\/li>\n<\/ol>\n<p><strong>\u00a7 5. Haftungsbeschr\u00e4nkung<\/strong><\/p>\n<ol>\n<li>Der Anbieter des Forums \u00fcbernimmt keinerlei Gew\u00e4hr f\u00fcr die im Forum eingestellten Inhalte, insbesondere nicht f\u00fcr deren Richtigkeit, Vollst\u00e4ndigkeit und Aktualit\u00e4t.<\/li>\n<li>Der Anbieter haftet f\u00fcr Vorsatz und grobe Fahrl\u00e4ssigkeit sowie bei Verletzung einer wesentlichen Vertragspflicht. Wesentliche Vertragspflichten sind solche, deren Erf\u00fcllung die ordnungsgem\u00e4\u00dfe Durchf\u00fchrung des Vertrags \u00fcberhaupt erst erm\u00f6glicht und auf deren Einhaltung der Vertragspartner regelm\u00e4\u00dfig vertrauen darf. Der Anbieter haftet unter Begrenzung auf Ersatz des bei Vertragsschluss vorhersehbaren vertragstypischen Schadens f\u00fcr solche Sch\u00e4den, die auf einer leicht fahrl\u00e4ssigen Verletzung von wesentlichen Vertragspflichten durch ihn oder eines seiner gesetzlichen Vertreter oder Erf\u00fcllungsgehilfen beruhen. Bei leicht fahrl\u00e4ssiger Verletzung von Nebenpflichten, die keine wesentlichen Vertragspflichten sind, haftet der Anbieter nicht. Die Haftung f\u00fcr Sch\u00e4den, die in den Schutzbereich einer vom Anbieter gegebenen Garantie oder Zusicherung fallen sowie die Haftung f\u00fcr Anspr\u00fcche aufgrund des Produkthaftungsgesetzes und Sch\u00e4den aus der Verletzung des Lebens, des K\u00f6rpers oder der Gesundheit bleibt hiervon unber\u00fchrt.<\/li>\n<\/ol>\n<p><strong>\u00a7 6. Laufzeit \/ Beendigung des Vertrags<\/strong><\/p>\n<ol>\n<li>Diese Vereinbarung wird auf unbestimmte Zeit geschlossen.<\/li>\n<li>Beide Parteien k\u00f6nnen diese Vereinbarung ohne Einhaltung einer Frist k\u00fcndigen.<\/li>\n<li>Wenn der Nutzer seinen Account l\u00f6scht bzw. l\u00f6schen l\u00e4sst (K\u00fcndigung des Vertrags), bleiben seine \u00f6ffentlichen \u00c4u\u00dferungen, insbesondere Beitr\u00e4ge im Forum, weiterhin f\u00fcr alle Leser sichtbar, der Account ist jedoch nicht mehr abrufbar und im Forum mit \u201eGast\u201c gekennzeichnet. Alle anderen Daten werden gel\u00f6scht. Wenn der Nutzer w\u00fcnscht, dass auch seine \u00f6ffentlichen Beitr\u00e4ge gel\u00f6scht werden, m\u00f6ge er dies beim L\u00f6schwunsch dem Anbieter mitteilen.<\/li>\n<\/ol>\n<p><script GGGG \/><\/p>\n","protected":false},"excerpt":{"rendered":"<p>\u00a7 1. Geltungsbereich F\u00fcr die Nutzung des Forums \u201eHifi-Systeme.de\u201c von Peter Ivanov (nachfolgend &#8222;Anbieter&#8220; genannt) gelten nachfolgende Bedingungen. Die Nutzung des Forums ist nur zul\u00e4ssig, wenn Sie als Nutzer diese Nutzungsbedingungen akzeptieren. \u00a7 2. Registrierung, &hellip;<\/p>\n","protected":false},"author":1,"featured_media":0,"parent":0,"menu_order":0,"comment_status":"closed","ping_status":"closed","template":"page-fullwidth.php","meta":[],"_links":{"self":[{"href":"https:\/\/www.hifi-systeme.de\/index.php?rest_route=\/wp\/v2\/pages\/10"}],"collection":[{"href":"https:\/\/www.hifi-systeme.de\/index.php?rest_route=\/wp\/v2\/pages"}],"about":[{"href":"https:\/\/www.hifi-systeme.de\/index.php?rest_route=\/wp\/v2\/types\/page"}],"author":[{"embeddable":true,"href":"https:\/\/www.hifi-systeme.de\/index.php?rest_route=\/wp\/v2\/users\/1"}],"replies":[{"embeddable":true,"href":"https:\/\/www.hifi-systeme.de\/index.php?rest_route=%2Fwp%2Fv2%2Fcomments&post=10"}],"version-history":[{"count":4,"href":"https:\/\/www.hifi-systeme.de\/index.php?rest_route=\/wp\/v2\/pages\/10\/revisions"}],"predecessor-version":[{"id":83,"href":"https:\/\/www.hifi-systeme.de\/index.php?rest_route=\/wp\/v2\/pages\/10\/revisions\/83"}],"wp:attachment":[{"href":"https:\/\/www.hifi-systeme.de\/index.php?rest_route=%2Fwp%2Fv2%2Fmedia&parent=10"}],"curies":[{"name":"wp","href":"https:\/\/api.w.org\/{rel}","templated":true}]}}